{"id":218,"date":"2024-11-25T21:13:09","date_gmt":"2024-11-25T21:13:09","guid":{"rendered":"https:\/\/www.n-sat.net\/?page_id=218"},"modified":"2025-01-14T22:53:12","modified_gmt":"2025-01-14T22:53:12","slug":"news","status":"publish","type":"page","link":"https:\/\/www.n-sat.net\/es\/news\/","title":{"rendered":"Noticias"},"content":{"rendered":"<div data-elementor-type=\"wp-page\" data-elementor-id=\"218\" class=\"elementor elementor-218\" data-elementor-post-type=\"page\">\n\t\t\t\t<div class=\"elementor-element elementor-element-b0633fc e-flex e-con-boxed e-con e-parent\" data-id=\"b0633fc\" data-element_type=\"container\" data-e-type=\"container\" data-settings=\"{&quot;background_background&quot;:&quot;classic&quot;}\">\n\t\t\t\t\t<div class=\"e-con-inner\">\n\t\t<div class=\"elementor-element elementor-element-4fd4bb1 e-con-full e-flex e-con e-child\" data-id=\"4fd4bb1\" data-element_type=\"container\" data-e-type=\"container\">\n\t\t\t\t<div class=\"elementor-element elementor-element-bbf5708 elementor-invisible elementor-widget elementor-widget-heading\" data-id=\"bbf5708\" data-element_type=\"widget\" data-e-type=\"widget\" data-settings=\"{&quot;_animation&quot;:&quot;fadeInLeft&quot;}\" data-widget_type=\"heading.default\">\n\t\t\t\t<div class=\"elementor-widget-container\">\n\t\t\t\t\t<h1 class=\"elementor-heading-title elementor-size-default\">Noticias<\/h1>\t\t\t\t<\/div>\n\t\t\t\t<\/div>\n\t\t\t\t<div class=\"elementor-element elementor-element-a84b88b elementor-widget elementor-widget-breadcrumbs\" data-id=\"a84b88b\" data-element_type=\"widget\" data-e-type=\"widget\" data-widget_type=\"breadcrumbs.default\">\n\t\t\t\t<div class=\"elementor-widget-container\">\n\t\t\t\t\t<p id=\"breadcrumbs\"><span><span><a href=\"https:\/\/www.n-sat.net\/es\/\">Inicio<\/a><\/span><\/span><\/p>\t\t\t\t<\/div>\n\t\t\t\t<\/div>\n\t\t\t\t<\/div>\n\t\t\t\t\t<\/div>\n\t\t\t\t<\/div>\n\t\t<div class=\"elementor-element elementor-element-e848955 e-con-full e-flex e-con e-parent\" data-id=\"e848955\" data-element_type=\"container\" data-e-type=\"container\">\n\t\t<div class=\"elementor-element elementor-element-76097c5 e-con-full e-flex e-con e-child\" data-id=\"76097c5\" data-element_type=\"container\" data-e-type=\"container\">\n\t\t\t\t<div class=\"elementor-element elementor-element-a54f29a elementor-grid-4 elementor-grid-tablet-2 elementor-grid-mobile-1 elementor-posts--thumbnail-top elementor-widget elementor-widget-posts\" data-id=\"a54f29a\" data-element_type=\"widget\" data-e-type=\"widget\" data-settings=\"{&quot;classic_columns&quot;:&quot;4&quot;,&quot;classic_columns_tablet&quot;:&quot;2&quot;,&quot;classic_columns_mobile&quot;:&quot;1&quot;,&quot;classic_row_gap&quot;:{&quot;unit&quot;:&quot;px&quot;,&quot;size&quot;:35,&quot;sizes&quot;:[]},&quot;classic_row_gap_tablet&quot;:{&quot;unit&quot;:&quot;px&quot;,&quot;size&quot;:&quot;&quot;,&quot;sizes&quot;:[]},&quot;classic_row_gap_mobile&quot;:{&quot;unit&quot;:&quot;px&quot;,&quot;size&quot;:&quot;&quot;,&quot;sizes&quot;:[]}}\" data-widget_type=\"posts.classic\">\n\t\t\t\t<div class=\"elementor-widget-container\">\n\t\t\t\t\t\t\t<div class=\"elementor-posts-container elementor-posts elementor-posts--skin-classic elementor-grid\" role=\"list\">\n\t\t\t\t<article class=\"elementor-post elementor-grid-item post-772 post type-post status-publish format-standard has-post-thumbnail hentry category-news\" role=\"listitem\">\n\t\t\t\t<a class=\"elementor-post__thumbnail__link\" href=\"https:\/\/www.n-sat.net\/es\/our-company-secures-key-contract-to-supply-satellite-equipment-to-the-government\/\" tabindex=\"-1\" >\n\t\t\t<div class=\"elementor-post__thumbnail\"><img fetchpriority=\"high\" decoding=\"async\" width=\"720\" height=\"480\" src=\"https:\/\/www.n-sat.net\/wp-content\/uploads\/2026\/04\/Administracion-servicios-generales.webp\" class=\"attachment-full size-full wp-image-769\" alt=\"\" srcset=\"https:\/\/www.n-sat.net\/wp-content\/uploads\/2026\/04\/Administracion-servicios-generales.webp 720w, https:\/\/www.n-sat.net\/wp-content\/uploads\/2026\/04\/Administracion-servicios-generales-300x200.webp 300w\" sizes=\"(max-width: 720px) 100vw, 720px\" \/><\/div>\n\t\t<\/a>\n\t\t\t\t<div class=\"elementor-post__text\">\n\t\t\t\t<h3 class=\"elementor-post__title\">\n\t\t\t<a href=\"https:\/\/www.n-sat.net\/es\/our-company-secures-key-contract-to-supply-satellite-equipment-to-the-government\/\" >\n\t\t\t\tNuestra empresa consigue un contrato clave para suministrar equipos satelitales al gobierno.\t\t\t<\/a>\n\t\t<\/h3>\n\t\t\t\t<div class=\"elementor-post__meta-data\">\n\t\t\t\t\t<span class=\"elementor-post-date\">\n\t\t\t6 de abril de 2026\t\t<\/span>\n\t\t\t\t<span class=\"elementor-post-avatar\">\n\t\t\tNo hay comentarios\t\t<\/span>\n\t\t\t\t<\/div>\n\t\t\t\t<div class=\"elementor-post__excerpt\">\n\t\t\t<p>Nos complace compartir una noticia que marca un hito importante para nuestra organizaci\u00f3n: tras un riguroso proceso de evaluaci\u00f3n llevado a cabo por la Administraci\u00f3n de Servicios Generales,<\/p>\n\t\t<\/div>\n\t\t\n\t\t<a class=\"elementor-post__read-more\" href=\"https:\/\/www.n-sat.net\/es\/our-company-secures-key-contract-to-supply-satellite-equipment-to-the-government\/\" aria-label=\"Read more about Our Company Secures Key Contract to Supply Satellite Equipment to the Government\" tabindex=\"-1\" >\n\t\t\tLeer m\u00e1s &quot;\u00bb\t\t<\/a>\n\n\t\t\t\t<\/div>\n\t\t\t\t<\/article>\n\t\t\t\t<article class=\"elementor-post elementor-grid-item post-757 post type-post status-publish format-standard has-post-thumbnail hentry category-news tag-starlink tag-militarytechnology tag-spacex tag-securenetworks tag-elonmusk tag-satellitedefense tag-satellitetechnology tag-governmentcommunications tag-cybersecurity tag-telecommunications tag-thales tag-nationalsecurity\" role=\"listitem\">\n\t\t\t\t<a class=\"elementor-post__thumbnail__link\" href=\"https:\/\/www.n-sat.net\/es\/thales-warns-governments-about-dependence-on-starlink-type-systems\/\" tabindex=\"-1\" >\n\t\t\t<div class=\"elementor-post__thumbnail\"><img decoding=\"async\" width=\"720\" height=\"480\" src=\"https:\/\/www.n-sat.net\/wp-content\/uploads\/2025\/03\/thales.avif\" class=\"attachment-full size-full wp-image-763\" alt=\"\" srcset=\"https:\/\/www.n-sat.net\/wp-content\/uploads\/2025\/03\/thales.avif 720w, https:\/\/www.n-sat.net\/wp-content\/uploads\/2025\/03\/thales-300x200.avif 300w\" sizes=\"(max-width: 720px) 100vw, 720px\" \/><\/div>\n\t\t<\/a>\n\t\t\t\t<div class=\"elementor-post__text\">\n\t\t\t\t<h3 class=\"elementor-post__title\">\n\t\t\t<a href=\"https:\/\/www.n-sat.net\/es\/thales-warns-governments-about-dependence-on-starlink-type-systems\/\" >\n\t\t\t\tThales advierte a los gobiernos sobre la dependencia de sistemas tipo Starlink.\t\t\t<\/a>\n\t\t<\/h3>\n\t\t\t\t<div class=\"elementor-post__meta-data\">\n\t\t\t\t\t<span class=\"elementor-post-date\">\n\t\t\t6 de marzo de 2025\t\t<\/span>\n\t\t\t\t<span class=\"elementor-post-avatar\">\n\t\t\tNo hay comentarios\t\t<\/span>\n\t\t\t\t<\/div>\n\t\t\t\t<div class=\"elementor-post__excerpt\">\n\t\t\t<p>El director ejecutivo de Thales, uno de los mayores fabricantes de sat\u00e9lites de Europa con sede en Francia, ha advertido sobre los riesgos de que los gobiernos dependan demasiado del sector privado.<\/p>\n\t\t<\/div>\n\t\t\n\t\t<a class=\"elementor-post__read-more\" href=\"https:\/\/www.n-sat.net\/es\/thales-warns-governments-about-dependence-on-starlink-type-systems\/\" aria-label=\"Read more about Thales Warns Governments About Dependence on Starlink-Type Systems\" tabindex=\"-1\" >\n\t\t\tLeer m\u00e1s &quot;\u00bb\t\t<\/a>\n\n\t\t\t\t<\/div>\n\t\t\t\t<\/article>\n\t\t\t\t<article class=\"elementor-post elementor-grid-item post-132 post type-post status-publish format-standard has-post-thumbnail hentry category-news\" role=\"listitem\">\n\t\t\t\t<a class=\"elementor-post__thumbnail__link\" href=\"https:\/\/www.n-sat.net\/es\/24-7-support-the-value-of-n-sats-multilingual-technical-assistance\/\" tabindex=\"-1\" >\n\t\t\t<div class=\"elementor-post__thumbnail\"><img decoding=\"async\" width=\"900\" height=\"600\" src=\"https:\/\/www.n-sat.net\/wp-content\/uploads\/2024\/11\/support.jpg\" class=\"attachment-full size-full wp-image-133\" alt=\"\" srcset=\"https:\/\/www.n-sat.net\/wp-content\/uploads\/2024\/11\/support.jpg 900w, https:\/\/www.n-sat.net\/wp-content\/uploads\/2024\/11\/support-300x200.jpg 300w, https:\/\/www.n-sat.net\/wp-content\/uploads\/2024\/11\/support-768x512.jpg 768w\" sizes=\"(max-width: 900px) 100vw, 900px\" \/><\/div>\n\t\t<\/a>\n\t\t\t\t<div class=\"elementor-post__text\">\n\t\t\t\t<h3 class=\"elementor-post__title\">\n\t\t\t<a href=\"https:\/\/www.n-sat.net\/es\/24-7-support-the-value-of-n-sats-multilingual-technical-assistance\/\" >\n\t\t\t\tSoporte 24\/7: El valor de la asistencia t\u00e9cnica multiling\u00fce de N-Sat\t\t\t<\/a>\n\t\t<\/h3>\n\t\t\t\t<div class=\"elementor-post__meta-data\">\n\t\t\t\t\t<span class=\"elementor-post-date\">\n\t\t\t18 de noviembre de 2024\t\t<\/span>\n\t\t\t\t<span class=\"elementor-post-avatar\">\n\t\t\tNo hay comentarios\t\t<\/span>\n\t\t\t\t<\/div>\n\t\t\t\t<div class=\"elementor-post__excerpt\">\n\t\t\t<p>En el mundo de las comunicaciones por sat\u00e9lite, la fiabilidad y el funcionamiento impecable son esenciales. Cuando las empresas y las agencias gubernamentales dependen de los tel\u00e9fonos satelitales para mantenerse conectadas en<\/p>\n\t\t<\/div>\n\t\t\n\t\t<a class=\"elementor-post__read-more\" href=\"https:\/\/www.n-sat.net\/es\/24-7-support-the-value-of-n-sats-multilingual-technical-assistance\/\" aria-label=\"Read more about 24\/7 Support: The Value of N-Sat&#8217;s Multilingual Technical Assistance\" tabindex=\"-1\" >\n\t\t\tLeer m\u00e1s &quot;\u00bb\t\t<\/a>\n\n\t\t\t\t<\/div>\n\t\t\t\t<\/article>\n\t\t\t\t<article class=\"elementor-post elementor-grid-item post-129 post type-post status-publish format-standard has-post-thumbnail hentry category-news\" role=\"listitem\">\n\t\t\t\t<a class=\"elementor-post__thumbnail__link\" href=\"https:\/\/www.n-sat.net\/es\/the-top-benefits-of-using-iridium-satellite-phones-for-business-continuity\/\" tabindex=\"-1\" >\n\t\t\t<div class=\"elementor-post__thumbnail\"><img loading=\"lazy\" decoding=\"async\" width=\"900\" height=\"600\" src=\"https:\/\/www.n-sat.net\/wp-content\/uploads\/2024\/11\/telefono.jpg\" class=\"attachment-full size-full wp-image-130\" alt=\"\" srcset=\"https:\/\/www.n-sat.net\/wp-content\/uploads\/2024\/11\/telefono.jpg 900w, https:\/\/www.n-sat.net\/wp-content\/uploads\/2024\/11\/telefono-300x200.jpg 300w, https:\/\/www.n-sat.net\/wp-content\/uploads\/2024\/11\/telefono-768x512.jpg 768w\" sizes=\"(max-width: 900px) 100vw, 900px\" \/><\/div>\n\t\t<\/a>\n\t\t\t\t<div class=\"elementor-post__text\">\n\t\t\t\t<h3 class=\"elementor-post__title\">\n\t\t\t<a href=\"https:\/\/www.n-sat.net\/es\/the-top-benefits-of-using-iridium-satellite-phones-for-business-continuity\/\" >\n\t\t\t\tLas principales ventajas de usar tel\u00e9fonos satelitales Iridium para la continuidad del negocio\t\t\t<\/a>\n\t\t<\/h3>\n\t\t\t\t<div class=\"elementor-post__meta-data\">\n\t\t\t\t\t<span class=\"elementor-post-date\">\n\t\t\t18 de noviembre de 2024\t\t<\/span>\n\t\t\t\t<span class=\"elementor-post-avatar\">\n\t\t\tNo hay comentarios\t\t<\/span>\n\t\t\t\t<\/div>\n\t\t\t\t<div class=\"elementor-post__excerpt\">\n\t\t\t<p>En un mundo cada vez m\u00e1s interconectado, mantener una comunicaci\u00f3n fluida es crucial para las empresas, especialmente durante interrupciones imprevistas. Los desastres naturales, las interrupciones de la red y las operaciones remotas pueden suponer un desaf\u00edo.<\/p>\n\t\t<\/div>\n\t\t\n\t\t<a class=\"elementor-post__read-more\" href=\"https:\/\/www.n-sat.net\/es\/the-top-benefits-of-using-iridium-satellite-phones-for-business-continuity\/\" aria-label=\"Read more about The Top Benefits of Using Iridium Satellite Phones for Business Continuity\" tabindex=\"-1\" >\n\t\t\tLeer m\u00e1s &quot;\u00bb\t\t<\/a>\n\n\t\t\t\t<\/div>\n\t\t\t\t<\/article>\n\t\t\t\t<article class=\"elementor-post elementor-grid-item post-125 post type-post status-publish format-standard has-post-thumbnail hentry category-news\" role=\"listitem\">\n\t\t\t\t<a class=\"elementor-post__thumbnail__link\" href=\"https:\/\/www.n-sat.net\/es\/connecting-latin-america-the-role-of-n-sat-in-remote-communications\/\" tabindex=\"-1\" >\n\t\t\t<div class=\"elementor-post__thumbnail\"><img loading=\"lazy\" decoding=\"async\" width=\"900\" height=\"600\" src=\"https:\/\/www.n-sat.net\/wp-content\/uploads\/2024\/11\/tents-at-yukon-river-in-remote-taiga-wilderness-2023-11-27-05-19-25-utc.webp\" class=\"attachment-full size-full wp-image-128\" alt=\"\" srcset=\"https:\/\/www.n-sat.net\/wp-content\/uploads\/2024\/11\/tents-at-yukon-river-in-remote-taiga-wilderness-2023-11-27-05-19-25-utc.webp 900w, https:\/\/www.n-sat.net\/wp-content\/uploads\/2024\/11\/tents-at-yukon-river-in-remote-taiga-wilderness-2023-11-27-05-19-25-utc-300x200.webp 300w, https:\/\/www.n-sat.net\/wp-content\/uploads\/2024\/11\/tents-at-yukon-river-in-remote-taiga-wilderness-2023-11-27-05-19-25-utc-768x512.webp 768w\" sizes=\"(max-width: 900px) 100vw, 900px\" \/><\/div>\n\t\t<\/a>\n\t\t\t\t<div class=\"elementor-post__text\">\n\t\t\t\t<h3 class=\"elementor-post__title\">\n\t\t\t<a href=\"https:\/\/www.n-sat.net\/es\/connecting-latin-america-the-role-of-n-sat-in-remote-communications\/\" >\n\t\t\t\tConectando Latinoam\u00e9rica: El papel de N-Sat en las comunicaciones remotas\t\t\t<\/a>\n\t\t<\/h3>\n\t\t\t\t<div class=\"elementor-post__meta-data\">\n\t\t\t\t\t<span class=\"elementor-post-date\">\n\t\t\t18 de noviembre de 2024\t\t<\/span>\n\t\t\t\t<span class=\"elementor-post-avatar\">\n\t\t\tNo hay comentarios\t\t<\/span>\n\t\t\t\t<\/div>\n\t\t\t\t<div class=\"elementor-post__excerpt\">\n\t\t\t<p>Como proveedor l\u00edder de soluciones de comunicaci\u00f3n satelital, N-Sat ha estado a la vanguardia en la reducci\u00f3n de la brecha de conectividad en Am\u00e9rica Latina durante m\u00e1s de dos a\u00f1os.<\/p>\n\t\t<\/div>\n\t\t\n\t\t<a class=\"elementor-post__read-more\" href=\"https:\/\/www.n-sat.net\/es\/connecting-latin-america-the-role-of-n-sat-in-remote-communications\/\" aria-label=\"Read more about Connecting Latin America: The Role of N-Sat in Remote Communications\" tabindex=\"-1\" >\n\t\t\tLeer m\u00e1s &quot;\u00bb\t\t<\/a>\n\n\t\t\t\t<\/div>\n\t\t\t\t<\/article>\n\t\t\t\t<article class=\"elementor-post elementor-grid-item post-122 post type-post status-publish format-standard has-post-thumbnail hentry category-news\" role=\"listitem\">\n\t\t\t\t<a class=\"elementor-post__thumbnail__link\" href=\"https:\/\/www.n-sat.net\/es\/how-satellite-phones-enhance-emergency-response-in-remote-locations\/\" tabindex=\"-1\" >\n\t\t\t<div class=\"elementor-post__thumbnail\"><img loading=\"lazy\" decoding=\"async\" width=\"900\" height=\"600\" src=\"https:\/\/www.n-sat.net\/wp-content\/uploads\/2024\/11\/inundacion.webp\" class=\"attachment-full size-full wp-image-124\" alt=\"\" srcset=\"https:\/\/www.n-sat.net\/wp-content\/uploads\/2024\/11\/inundacion.webp 900w, https:\/\/www.n-sat.net\/wp-content\/uploads\/2024\/11\/inundacion-300x200.webp 300w, https:\/\/www.n-sat.net\/wp-content\/uploads\/2024\/11\/inundacion-768x512.webp 768w\" sizes=\"(max-width: 900px) 100vw, 900px\" \/><\/div>\n\t\t<\/a>\n\t\t\t\t<div class=\"elementor-post__text\">\n\t\t\t\t<h3 class=\"elementor-post__title\">\n\t\t\t<a href=\"https:\/\/www.n-sat.net\/es\/how-satellite-phones-enhance-emergency-response-in-remote-locations\/\" >\n\t\t\t\tC\u00f3mo los tel\u00e9fonos satelitales mejoran la respuesta ante emergencias en lugares remotos\t\t\t<\/a>\n\t\t<\/h3>\n\t\t\t\t<div class=\"elementor-post__meta-data\">\n\t\t\t\t\t<span class=\"elementor-post-date\">\n\t\t\t18 de noviembre de 2024\t\t<\/span>\n\t\t\t\t<span class=\"elementor-post-avatar\">\n\t\t\tNo hay comentarios\t\t<\/span>\n\t\t\t\t<\/div>\n\t\t\t\t<div class=\"elementor-post__excerpt\">\n\t\t\t<p>En el mundo actual, la comunicaci\u00f3n confiable es fundamental para cualquier operaci\u00f3n de respuesta a emergencias. Desde desastres naturales hasta misiones de b\u00fasqueda y rescate, contar con una l\u00ednea de comunicaci\u00f3n confiable puede<\/p>\n\t\t<\/div>\n\t\t\n\t\t<a class=\"elementor-post__read-more\" href=\"https:\/\/www.n-sat.net\/es\/how-satellite-phones-enhance-emergency-response-in-remote-locations\/\" aria-label=\"Read more about How Satellite Phones Enhance Emergency Response in Remote Locations\" tabindex=\"-1\" >\n\t\t\tLeer m\u00e1s &quot;\u00bb\t\t<\/a>\n\n\t\t\t\t<\/div>\n\t\t\t\t<\/article>\n\t\t\t\t<\/div>\n\t\t\n\t\t\t\t\t\t<\/div>\n\t\t\t\t<\/div>\n\t\t\t\t<\/div>\n\t\t\t\t<\/div>\n\t\t\t\t<\/div>","protected":false},"excerpt":{"rendered":"<p>Noticias<\/p>","protected":false},"author":1,"featured_media":0,"parent":0,"menu_order":0,"comment_status":"closed","ping_status":"closed","template":"elementor_header_footer","meta":{"footnotes":""},"class_list":["post-218","page","type-page","status-publish","hentry"],"yoast_head":"<!-- This site is optimized with the Yoast SEO plugin v27.3 - https:\/\/yoast.com\/product\/yoast-seo-wordpress\/ -->\n<title>News - N-Sat Corporation<\/title>\n<meta name=\"robots\" content=\"index, follow, max-snippet:-1, max-image-preview:large, max-video-preview:-1\" \/>\n<link rel=\"canonical\" href=\"https:\/\/www.n-sat.net\/es\/news\/\" \/>\n<meta property=\"og:locale\" content=\"es_ES\" \/>\n<meta property=\"og:type\" content=\"article\" \/>\n<meta property=\"og:title\" content=\"News - N-Sat Corporation\" \/>\n<meta property=\"og:description\" content=\"News\" \/>\n<meta property=\"og:url\" content=\"https:\/\/www.n-sat.net\/es\/news\/\" \/>\n<meta property=\"og:site_name\" content=\"N-Sat Corporation\" \/>\n<meta property=\"article:modified_time\" content=\"2025-01-14T22:53:12+00:00\" \/>\n<meta name=\"twitter:card\" content=\"summary_large_image\" \/>\n<meta name=\"twitter:label1\" content=\"Tiempo de lectura\" \/>\n\t<meta name=\"twitter:data1\" content=\"1 minuto\" \/>\n<script type=\"application\/ld+json\" class=\"yoast-schema-graph\">{\"@context\":\"https:\\\/\\\/schema.org\",\"@graph\":[{\"@type\":\"WebPage\",\"@id\":\"https:\\\/\\\/www.n-sat.net\\\/news\\\/\",\"url\":\"https:\\\/\\\/www.n-sat.net\\\/news\\\/\",\"name\":\"News - N-Sat Corporation\",\"isPartOf\":{\"@id\":\"https:\\\/\\\/www.n-sat.net\\\/#website\"},\"datePublished\":\"2024-11-25T21:13:09+00:00\",\"dateModified\":\"2025-01-14T22:53:12+00:00\",\"breadcrumb\":{\"@id\":\"https:\\\/\\\/www.n-sat.net\\\/news\\\/#breadcrumb\"},\"inLanguage\":\"es\",\"potentialAction\":[{\"@type\":\"ReadAction\",\"target\":[\"https:\\\/\\\/www.n-sat.net\\\/news\\\/\"]}]},{\"@type\":\"BreadcrumbList\",\"@id\":\"https:\\\/\\\/www.n-sat.net\\\/news\\\/#breadcrumb\",\"itemListElement\":[{\"@type\":\"ListItem\",\"position\":1,\"name\":\"Home\",\"item\":\"https:\\\/\\\/www.n-sat.net\\\/\"},{\"@type\":\"ListItem\",\"position\":2,\"name\":\"News\"}]},{\"@type\":\"WebSite\",\"@id\":\"https:\\\/\\\/www.n-sat.net\\\/#website\",\"url\":\"https:\\\/\\\/www.n-sat.net\\\/\",\"name\":\"N-Sat Corporation\",\"description\":\"We keep you connected no matter where you are\",\"potentialAction\":[{\"@type\":\"SearchAction\",\"target\":{\"@type\":\"EntryPoint\",\"urlTemplate\":\"https:\\\/\\\/www.n-sat.net\\\/?s={search_term_string}\"},\"query-input\":{\"@type\":\"PropertyValueSpecification\",\"valueRequired\":true,\"valueName\":\"search_term_string\"}}],\"inLanguage\":\"es\"}]}<\/script>\n<!-- \/ Yoast SEO plugin. -->","yoast_head_json":{"title":"News - N-Sat Corporation","robots":{"index":"index","follow":"follow","max-snippet":"max-snippet:-1","max-image-preview":"max-image-preview:large","max-video-preview":"max-video-preview:-1"},"canonical":"https:\/\/www.n-sat.net\/es\/news\/","og_locale":"es_ES","og_type":"article","og_title":"News - N-Sat Corporation","og_description":"News","og_url":"https:\/\/www.n-sat.net\/es\/news\/","og_site_name":"N-Sat Corporation","article_modified_time":"2025-01-14T22:53:12+00:00","twitter_card":"summary_large_image","twitter_misc":{"Tiempo de lectura":"1 minuto"},"schema":{"@context":"https:\/\/schema.org","@graph":[{"@type":"WebPage","@id":"https:\/\/www.n-sat.net\/news\/","url":"https:\/\/www.n-sat.net\/news\/","name":"News - N-Sat Corporation","isPartOf":{"@id":"https:\/\/www.n-sat.net\/#website"},"datePublished":"2024-11-25T21:13:09+00:00","dateModified":"2025-01-14T22:53:12+00:00","breadcrumb":{"@id":"https:\/\/www.n-sat.net\/news\/#breadcrumb"},"inLanguage":"es","potentialAction":[{"@type":"ReadAction","target":["https:\/\/www.n-sat.net\/news\/"]}]},{"@type":"BreadcrumbList","@id":"https:\/\/www.n-sat.net\/news\/#breadcrumb","itemListElement":[{"@type":"ListItem","position":1,"name":"Home","item":"https:\/\/www.n-sat.net\/"},{"@type":"ListItem","position":2,"name":"News"}]},{"@type":"WebSite","@id":"https:\/\/www.n-sat.net\/#website","url":"https:\/\/www.n-sat.net\/","name":"Corporaci\u00f3n N-Sat","description":"Te mantenemos conectado sin importar d\u00f3nde est\u00e9s.","potentialAction":[{"@type":"SearchAction","target":{"@type":"EntryPoint","urlTemplate":"https:\/\/www.n-sat.net\/?s={search_term_string}"},"query-input":{"@type":"PropertyValueSpecification","valueRequired":true,"valueName":"search_term_string"}}],"inLanguage":"es"}]}},"_links":{"self":[{"href":"https:\/\/www.n-sat.net\/es\/wp-json\/wp\/v2\/pages\/218","targetHints":{"allow":["GET"]}}],"collection":[{"href":"https:\/\/www.n-sat.net\/es\/wp-json\/wp\/v2\/pages"}],"about":[{"href":"https:\/\/www.n-sat.net\/es\/wp-json\/wp\/v2\/types\/page"}],"author":[{"embeddable":true,"href":"https:\/\/www.n-sat.net\/es\/wp-json\/wp\/v2\/users\/1"}],"replies":[{"embeddable":true,"href":"https:\/\/www.n-sat.net\/es\/wp-json\/wp\/v2\/comments?post=218"}],"version-history":[{"count":7,"href":"https:\/\/www.n-sat.net\/es\/wp-json\/wp\/v2\/pages\/218\/revisions"}],"predecessor-version":[{"id":647,"href":"https:\/\/www.n-sat.net\/es\/wp-json\/wp\/v2\/pages\/218\/revisions\/647"}],"wp:attachment":[{"href":"https:\/\/www.n-sat.net\/es\/wp-json\/wp\/v2\/media?parent=218"}],"curies":[{"name":"wp","href":"https:\/\/api.w.org\/{rel}","templated":true}]}}